{"id":467,"date":"2023-08-01T17:35:53","date_gmt":"2023-08-01T17:35:53","guid":{"rendered":"https:\/\/i-remember.life\/?page_id=467"},"modified":"2024-08-30T10:25:00","modified_gmt":"2024-08-30T10:25:00","slug":"about","status":"publish","type":"page","link":"https:\/\/i-remember.life\/pl\/about\/","title":{"rendered":"O nas"},"content":{"rendered":"<div data-elementor-type=\"wp-page\" data-elementor-id=\"467\" class=\"elementor elementor-467\" data-elementor-post-type=\"page\">\n\t\t\t\t\t\t<section class=\"elementor-section elementor-top-section elementor-element elementor-element-7b7d6b8 elementor-section-boxed elementor-section-height-default elementor-section-height-default\" data-id=\"7b7d6b8\" data-element_type=\"section\" data-e-type=\"section\">\n\t\t\t\t\t\t<div class=\"elementor-container elementor-column-gap-default\">\n\t\t\t\t\t<div class=\"elementor-column elementor-col-100 elementor-top-column elementor-element elementor-element-b8eb735\" data-id=\"b8eb735\" data-element_type=\"column\" data-e-type=\"column\">\n\t\t\t<div class=\"elementor-widget-wrap elementor-element-populated\">\n\t\t\t\t\t\t<div class=\"elementor-element elementor-element-331155e elementor-widget elementor-widget-spacer\" data-id=\"331155e\" data-element_type=\"widget\" data-e-type=\"widget\" data-widget_type=\"spacer.default\">\n\t\t\t\t<div class=\"elementor-widget-container\">\n\t\t\t\t\t\t\t<div class=\"elementor-spacer\">\n\t\t\t<div class=\"elementor-spacer-inner\"><\/div>\n\t\t<\/div>\n\t\t\t\t\t\t<\/div>\n\t\t\t\t<\/div>\n\t\t\t\t<div class=\"elementor-element elementor-element-be38806 elementor-widget elementor-widget-heading\" data-id=\"be38806\" data-element_type=\"widget\" data-e-type=\"widget\" data-widget_type=\"heading.default\">\n\t\t\t\t<div class=\"elementor-widget-container\">\n\t\t\t\t\t<h2 class=\"elementor-heading-title elementor-size-default\">O nas<\/h2>\t\t\t\t<\/div>\n\t\t\t\t<\/div>\n\t\t\t\t<div class=\"elementor-element elementor-element-d28e80b elementor-widget-divider--view-line elementor-widget elementor-widget-divider\" data-id=\"d28e80b\" data-element_type=\"widget\" data-e-type=\"widget\" data-widget_type=\"divider.default\">\n\t\t\t\t<div class=\"elementor-widget-container\">\n\t\t\t\t\t\t\t<div class=\"elementor-divider\">\n\t\t\t<span class=\"elementor-divider-separator\">\n\t\t\t\t\t\t<\/span>\n\t\t<\/div>\n\t\t\t\t\t\t<\/div>\n\t\t\t\t<\/div>\n\t\t\t\t\t<\/div>\n\t\t<\/div>\n\t\t\t\t\t<\/div>\n\t\t<\/section>\n\t\t\t\t<section class=\"elementor-section elementor-top-section elementor-element elementor-element-0d74a69 elementor-section-boxed elementor-section-height-default elementor-section-height-default\" data-id=\"0d74a69\" data-element_type=\"section\" data-e-type=\"section\">\n\t\t\t\t\t\t<div class=\"elementor-container elementor-column-gap-default\">\n\t\t\t\t\t<div class=\"elementor-column elementor-col-100 elementor-top-column elementor-element elementor-element-a520452\" data-id=\"a520452\" data-element_type=\"column\" data-e-type=\"column\">\n\t\t\t<div class=\"elementor-widget-wrap elementor-element-populated\">\n\t\t\t\t\t\t<div class=\"elementor-element elementor-element-07cb3b5 elementor-widget elementor-widget-spacer\" data-id=\"07cb3b5\" data-element_type=\"widget\" data-e-type=\"widget\" data-widget_type=\"spacer.default\">\n\t\t\t\t<div class=\"elementor-widget-container\">\n\t\t\t\t\t\t\t<div class=\"elementor-spacer\">\n\t\t\t<div class=\"elementor-spacer-inner\"><\/div>\n\t\t<\/div>\n\t\t\t\t\t\t<\/div>\n\t\t\t\t<\/div>\n\t\t\t\t<div class=\"elementor-element elementor-element-9ae616a elementor-widget elementor-widget-spacer\" data-id=\"9ae616a\" data-element_type=\"widget\" data-e-type=\"widget\" data-widget_type=\"spacer.default\">\n\t\t\t\t<div class=\"elementor-widget-container\">\n\t\t\t\t\t\t\t<div class=\"elementor-spacer\">\n\t\t\t<div class=\"elementor-spacer-inner\"><\/div>\n\t\t<\/div>\n\t\t\t\t\t\t<\/div>\n\t\t\t\t<\/div>\n\t\t\t\t<div class=\"elementor-element elementor-element-ac292d4 elementor-widget elementor-widget-text-editor\" data-id=\"ac292d4\" data-element_type=\"widget\" data-e-type=\"widget\" data-widget_type=\"text-editor.default\">\n\t\t\t\t<div class=\"elementor-widget-container\">\n\t\t\t\t\t\t\t\t\t<p><span lang=\"EN-GB\" style=\"font-family: 'Bookman Old Style',serif;\">Cze\u015b\u0107! Chcieliby\u015bmy si\u0119 przedstawi\u0107, \u017ceby\u015bcie mogli nas lepiej pozna\u0107. Jeste\u015bmy pi\u0119cioosobow\u0105 rodzin\u0105, kt\u00f3ra wybra\u0142a inne podej\u015bcie do \u017cycia, ni\u017c oferuje system w naszym spo\u0142ecze\u0144stwie. Nasze dzieci, Wiktor (10 l.), Marcel (7 l.) i Aliya (5 l.) nigdy nie chodzi\u0142y do szko\u0142y. Wybrali\u015bmy \u015bcie\u017ck\u0119 edukacji domowej, ale wolimy nie nazywa\u0107 jej w \u017caden spos\u00f3b \u201eedukacj\u0105\u201d. Zamiast tego po prostu pod\u0105\u017camy za naszymi dzie\u0107mi i wspieramy ich rozw\u00f3j, s\u0142uchaj\u0105c naszej intuicji. Musimy by\u0107 szczerzy, kiedy zaczynali\u015bmy jako m\u0142odzi rodzice, by\u0142a to dla nas zupe\u0142nie nowa i wyboista droga. By\u0142o wiele chwil strachu i zw\u0105tpienia. Wiele wzlot\u00f3w i upadk\u00f3w.<\/span><\/p>\n<p><span lang=\"EN-GB\" style=\"font-family: 'Bookman Old Style',serif;\"><br><\/span><\/p>\n<p><span lang=\"EN-GB\" style=\"font-family: 'Bookman Old Style',serif;\">Kilka lat temu wzloty sta\u0142y si\u0119 cz\u0119stsze i trwa\u0142y d\u0142u\u017cej. Im wi\u0119cej wykonywali\u015bmy wewn\u0119trznej pracy nad sob\u0105, tym bardziej nasze \u017cycie stawa\u0142o si\u0119 przyjemne i relaksuj\u0105ce. Niekonwencjonalne podej\u015bcie do rodzicielstwa stawa\u0142o si\u0119 dla nas \u0142atwiejsze. Nawet nie pami\u0119tamy, kiedy zacz\u0119li\u015bmy p\u0142yn\u0105\u0107 z pr\u0105dem i przestali\u015bmy kwestionowa\u0107 nasz wyb\u00f3r.<\/span><\/p>\n<p><span lang=\"EN-GB\" style=\"font-family: 'Bookman Old Style',serif;\"><br><\/span><\/p>\n<p><span lang=\"EN-GB\" style=\"font-family: 'Bookman Old Style',serif;\">Z up\u0142ywem miesi\u0119cy i lat czuli\u015bmy, \u017ce nadchodz\u0105 zmiany. Pewnego wczesnego ranka 2023 roku, powiedzia\u0142am w my\u015blach podczas mojej medytacji:<\/span><\/p>\n<p><span lang=\"EN-GB\" style=\"font-family: 'Bookman Old Style',serif;\">Pewnego wczesnego poranka 2023 roku, podczas medytacji, powiedzia\u0142em:<\/span><\/p>\n<p><span lang=\"EN-GB\" style=\"font-family: 'Bookman Old Style',serif;\"><br><\/span><\/p>\n<p><span lang=\"EN-GB\" style=\"font-family: 'Bookman Old Style',serif;\">\u201eDobra, Wszech\u015bwiat, jestem gotowa na to, \u017ceby dzisiaj pojawi\u0142 si\u0119 m\u00f3j motyw przewodni na ten rok.\u201d<\/span><\/p>\n<p><span lang=\"EN-GB\" style=\"font-family: 'Bookman Old Style',serif;\"><br><\/span><\/p>\n<p><span lang=\"EN-GB\" style=\"font-family: 'Bookman Old Style',serif;\">Po 10 minutach spotka\u0142am Sylwka i powiedzia\u0142am mu, \u017ce na obecn\u0105 chwil\u0119 czuj\u0119, jakby wszystko to co mia\u0142am do wykonania w Derby, zosta\u0142o zrealizowane i czas na co\u015b nowego.<\/span><\/p>\n<p><span lang=\"EN-GB\" style=\"font-family: 'Bookman Old Style',serif;\"><br><\/span><\/p>\n<p><span lang=\"EN-GB\" style=\"font-family: 'Bookman Old Style',serif;\">- Co masz na my\u015bli? - zapyta\u0142.<br><\/span><\/p>\n<p><span lang=\"EN-GB\" style=\"font-family: 'Bookman Old Style',serif;\"><br><\/span><\/p>\n<p><span lang=\"EN-GB\" style=\"font-family: 'Bookman Old Style',serif;\">- Wiesz, jakby to by\u0142 moment, \u017ceby ruszy\u0107 dalej - odpowiedzia\u0142am.<\/span><\/p>\n<p><span lang=\"EN-GB\" style=\"font-family: 'Bookman Old Style',serif;\"><br><\/span><\/p>\n<p><span lang=\"EN-GB\" style=\"font-family: 'Bookman Old Style',serif;\">I wtedy us\u0142ysza\u0142am co\u015b, czego nigdy bym si\u0119 nie spodziewa\u0142a. Sylwek powiedzia\u0142 do mnie:<\/span><\/p>\n<p><span lang=\"EN-GB\" style=\"font-family: 'Bookman Old Style',serif;\"><br><\/span><\/p>\n<p><span lang=\"EN-GB\" style=\"font-family: 'Bookman Old Style',serif;\">- W\u0142a\u015bnie wpad\u0142em na pomys\u0142. A co, gdyby\u015bmy sprzedali nasz dom, sp\u0142acili wszystkie d\u0142ugi, a z tym, co by pozosta\u0142o, podr\u00f3\u017cowaliby\u015bmy dooko\u0142a \u015bwiata przez rok albo d\u0142u\u017cej?\u201d<\/span><\/p>\n<p><span lang=\"EN-GB\" style=\"font-family: 'Bookman Old Style',serif;\"><br><\/span><\/p>\n<p><span lang=\"EN-GB\" style=\"font-family: 'Bookman Old Style',serif;\">- M\u00f3wisz powa\u017cnie?! - zapyta\u0142am z konsternacj\u0105.<\/span><\/p>\n<p><span lang=\"EN-GB\" style=\"font-family: 'Bookman Old Style',serif;\"><br><\/span><\/p>\n<p><span lang=\"EN-GB\" style=\"font-family: 'Bookman Old Style',serif;\">- Tak, m\u00f3wi\u0119 powa\u017cnie. W\u0142a\u015bnie wszystko obliczy\u0142em w g\u0142owie - odpar\u0142.<\/span><\/p>\n<p><span lang=\"EN-GB\" style=\"font-family: 'Bookman Old Style',serif;\"><br><\/span><\/p>\n<p><span lang=\"EN-GB\" style=\"font-family: 'Bookman Old Style',serif;\">Poczu\u0142am przyp\u0142yw energii w ca\u0142ym ciele. Po chwili z entuzjazmem powiedzia\u0142am:<\/span><\/p>\n<p><span lang=\"EN-GB\" style=\"font-family: 'Bookman Old Style',serif;\"><br><\/span><\/p>\n<p><span lang=\"EN-GB\" style=\"font-family: 'Bookman Old Style',serif;\">- Zr\u00f3bmy to!<\/span><\/p>\n<p><span lang=\"EN-GB\" style=\"font-family: 'Bookman Old Style',serif;\"><br><\/span><\/p>\n<p><span lang=\"EN-GB\" style=\"font-family: 'Bookman Old Style',serif;\">I tak te\u017c si\u0119 sta\u0142o. W momencie, gdy podj\u0119li\u015bmy t\u0119 decyzj\u0119, znale\u017ali\u015bmy si\u0119 w totalnej nieznanej. Nie wiedzieli\u015bmy, jak poradzimy sobie finansowo, gdzie sko\u0144czymy po podr\u00f3\u017cowaniu i jak nasze dzieci poradz\u0105 sobie bez domu, ulubionych zabawek, rutyn itp. Mimo to, zaufali\u015bmy, \u017ce wszystko si\u0119 u\u0142o\u017cy.\nWszech\u015bwiat szybko nas wspar\u0142, a ca\u0142y proces przebieg\u0142 o wiele p\u0142ynniej ni\u017c si\u0119 spodziewali\u015bmy! Wci\u0105\u017c jeste\u015bmy pod wra\u017ceniem filmu naszego \u017cycia, kt\u00f3ry postanowili\u015bmy \u015bwiadomie wyre\u017cyserowa\u0107.<\/span><\/p>\n<p><span lang=\"EN-GB\" style=\"font-family: 'Bookman Old Style',serif;\"><br><\/span><\/p>\n<p><span lang=\"EN-GB\" style=\"font-family: 'Bookman Old Style',serif;\">M\u00f3j motyw przewodni na 2023 rok to \u201eTotalne Wyzwolenie\u201d. Podr\u00f3\u017cowanie po \u015bwiecie rzeczywi\u015bcie otworzy\u0142o nas na wielu poziomach i wci\u0105\u017c to robi!<\/span><\/p>\n<p>&nbsp;<\/p>\t\t\t\t\t\t\t\t<\/div>\n\t\t\t\t<\/div>\n\t\t\t\t<div class=\"elementor-element elementor-element-8bf9838 elementor-widget elementor-widget-image\" data-id=\"8bf9838\" data-element_type=\"widget\" data-e-type=\"widget\" data-widget_type=\"image.default\">\n\t\t\t\t<div class=\"elementor-widget-container\">\n\t\t\t\t\t\t\t\t\t\t\t\t\t\t\t<img fetchpriority=\"high\" decoding=\"async\" width=\"4000\" height=\"3000\" src=\"https:\/\/i-remember.life\/wp-content\/uploads\/2024\/06\/Untitled.png\" class=\"attachment-full size-full wp-image-2880\" alt=\"\" srcset=\"https:\/\/i-remember.life\/wp-content\/uploads\/2024\/06\/Untitled.png 4000w, https:\/\/i-remember.life\/wp-content\/uploads\/2024\/06\/Untitled-300x225.png 300w, https:\/\/i-remember.life\/wp-content\/uploads\/2024\/06\/Untitled-1024x768.png 1024w, https:\/\/i-remember.life\/wp-content\/uploads\/2024\/06\/Untitled-768x576.png 768w, https:\/\/i-remember.life\/wp-content\/uploads\/2024\/06\/Untitled-1536x1152.png 1536w, https:\/\/i-remember.life\/wp-content\/uploads\/2024\/06\/Untitled-2048x1536.png 2048w, https:\/\/i-remember.life\/wp-content\/uploads\/2024\/06\/Untitled-16x12.png 16w, https:\/\/i-remember.life\/wp-content\/uploads\/2024\/06\/Untitled-600x450.png 600w, https:\/\/i-remember.life\/wp-content\/uploads\/2024\/06\/Untitled-865x649.png 865w\" sizes=\"(max-width: 4000px) 100vw, 4000px\" \/>\t\t\t\t\t\t\t\t\t\t\t\t\t\t\t<\/div>\n\t\t\t\t<\/div>\n\t\t\t\t\t<\/div>\n\t\t<\/div>\n\t\t\t\t\t<\/div>\n\t\t<\/section>\n\t\t\t\t<\/div>","protected":false},"excerpt":{"rendered":"<p>About Us Hello! We would love to introduce ourselves so you can get to know us a little better. We are a family of five who have opted for a different approach to life than what the system in our society offers. Our children, Wiktor (10), Marcel (7), and Aliya (5), have never attended school. [&hellip;]<\/p>\n","protected":false},"author":1,"featured_media":0,"parent":0,"menu_order":0,"comment_status":"closed","ping_status":"closed","template":"elementor_header_footer","meta":{"site-sidebar-layout":"default","site-content-layout":"","ast-site-content-layout":"default","site-content-style":"default","site-sidebar-style":"default","ast-global-header-display":"","ast-banner-title-visibility":"","ast-main-header-display":"","ast-hfb-above-header-display":"","ast-hfb-below-header-display":"","ast-hfb-mobile-header-display":"","site-post-title":"","ast-breadcrumbs-content":"","ast-featured-img":"","footer-sml-layout":"","ast-disable-related-posts":"","theme-transparent-header-meta":"","adv-header-id-meta":"","stick-header-meta":"","header-above-stick-meta":"","header-main-stick-meta":"","header-below-stick-meta":"","astra-migrate-meta-layouts":"default","ast-page-background-enabled":"default","ast-page-background-meta":{"desktop":{"background-color":"var(--ast-global-color-4)","background-image":"","background-repeat":"repeat","background-position":"center center","background-size":"auto","background-attachment":"scroll","background-type":"","background-media":"","overlay-type":"","overlay-color":"","overlay-opacity":"","overlay-gradient":""},"tablet":{"background-color":"","background-image":"","background-repeat":"repeat","background-position":"center center","background-size":"auto","background-attachment":"scroll","background-type":"","background-media":"","overlay-type":"","overlay-color":"","overlay-opacity":"","overlay-gradient":""},"mobile":{"background-color":"","background-image":"","background-repeat":"repeat","background-position":"center center","background-size":"auto","background-attachment":"scroll","background-type":"","background-media":"","overlay-type":"","overlay-color":"","overlay-opacity":"","overlay-gradient":""}},"ast-content-background-meta":{"desktop":{"background-color":"var(--ast-global-color-5)","background-image":"","background-repeat":"repeat","background-position":"center center","background-size":"auto","background-attachment":"scroll","background-type":"","background-media":"","overlay-type":"","overlay-color":"","overlay-opacity":"","overlay-gradient":""},"tablet":{"background-color":"var(--ast-global-color-5)","background-image":"","background-repeat":"repeat","background-position":"center center","background-size":"auto","background-attachment":"scroll","background-type":"","background-media":"","overlay-type":"","overlay-color":"","overlay-opacity":"","overlay-gradient":""},"mobile":{"background-color":"var(--ast-global-color-5)","background-image":"","background-repeat":"repeat","background-position":"center center","background-size":"auto","background-attachment":"scroll","background-type":"","background-media":"","overlay-type":"","overlay-color":"","overlay-opacity":"","overlay-gradient":""}},"footnotes":""},"class_list":["post-467","page","type-page","status-publish","hentry"],"_links":{"self":[{"href":"https:\/\/i-remember.life\/pl\/wp-json\/wp\/v2\/pages\/467","targetHints":{"allow":["GET"]}}],"collection":[{"href":"https:\/\/i-remember.life\/pl\/wp-json\/wp\/v2\/pages"}],"about":[{"href":"https:\/\/i-remember.life\/pl\/wp-json\/wp\/v2\/types\/page"}],"author":[{"embeddable":true,"href":"https:\/\/i-remember.life\/pl\/wp-json\/wp\/v2\/users\/1"}],"replies":[{"embeddable":true,"href":"https:\/\/i-remember.life\/pl\/wp-json\/wp\/v2\/comments?post=467"}],"version-history":[{"count":40,"href":"https:\/\/i-remember.life\/pl\/wp-json\/wp\/v2\/pages\/467\/revisions"}],"predecessor-version":[{"id":3027,"href":"https:\/\/i-remember.life\/pl\/wp-json\/wp\/v2\/pages\/467\/revisions\/3027"}],"wp:attachment":[{"href":"https:\/\/i-remember.life\/pl\/wp-json\/wp\/v2\/media?parent=467"}],"curies":[{"name":"wp","href":"https:\/\/api.w.org\/{rel}","templated":true}]}}