{"id":457,"date":"2023-08-01T17:33:13","date_gmt":"2023-08-01T17:33:13","guid":{"rendered":"https:\/\/i-remember.life\/?page_id=457"},"modified":"2024-08-30T10:17:33","modified_gmt":"2024-08-30T10:17:33","slug":"books","status":"publish","type":"page","link":"https:\/\/i-remember.life\/pl\/books\/","title":{"rendered":"Ksi\u0105\u017cki"},"content":{"rendered":"<div data-elementor-type=\"wp-page\" data-elementor-id=\"457\" class=\"elementor elementor-457\" data-elementor-post-type=\"page\">\n\t\t\t\t\t\t<section class=\"elementor-section elementor-top-section elementor-element elementor-element-970750b elementor-section-boxed elementor-section-height-default elementor-section-height-default\" data-id=\"970750b\" data-element_type=\"section\" data-e-type=\"section\">\n\t\t\t\t\t\t<div class=\"elementor-container elementor-column-gap-default\">\n\t\t\t\t\t<div class=\"elementor-column elementor-col-100 elementor-top-column elementor-element elementor-element-b455327\" data-id=\"b455327\" data-element_type=\"column\" data-e-type=\"column\">\n\t\t\t<div class=\"elementor-widget-wrap elementor-element-populated\">\n\t\t\t\t\t\t<div class=\"elementor-element elementor-element-77f7dea elementor-widget elementor-widget-spacer\" data-id=\"77f7dea\" data-element_type=\"widget\" data-e-type=\"widget\" data-widget_type=\"spacer.default\">\n\t\t\t\t<div class=\"elementor-widget-container\">\n\t\t\t\t\t\t\t<div class=\"elementor-spacer\">\n\t\t\t<div class=\"elementor-spacer-inner\"><\/div>\n\t\t<\/div>\n\t\t\t\t\t\t<\/div>\n\t\t\t\t<\/div>\n\t\t\t\t<div class=\"elementor-element elementor-element-d7bc762 elementor-widget elementor-widget-heading\" data-id=\"d7bc762\" data-element_type=\"widget\" data-e-type=\"widget\" data-widget_type=\"heading.default\">\n\t\t\t\t<div class=\"elementor-widget-container\">\n\t\t\t\t\t<h2 class=\"elementor-heading-title elementor-size-default\">Ksi\u0105\u017cka<\/h2>\t\t\t\t<\/div>\n\t\t\t\t<\/div>\n\t\t\t\t<div class=\"elementor-element elementor-element-c8c844d elementor-widget-divider--view-line elementor-widget elementor-widget-divider\" data-id=\"c8c844d\" data-element_type=\"widget\" data-e-type=\"widget\" data-widget_type=\"divider.default\">\n\t\t\t\t<div class=\"elementor-widget-container\">\n\t\t\t\t\t\t\t<div class=\"elementor-divider\">\n\t\t\t<span class=\"elementor-divider-separator\">\n\t\t\t\t\t\t<\/span>\n\t\t<\/div>\n\t\t\t\t\t\t<\/div>\n\t\t\t\t<\/div>\n\t\t\t\t\t<\/div>\n\t\t<\/div>\n\t\t\t\t\t<\/div>\n\t\t<\/section>\n\t\t\t\t<section class=\"elementor-section elementor-top-section elementor-element elementor-element-cd9e24e elementor-section-boxed elementor-section-height-default elementor-section-height-default\" data-id=\"cd9e24e\" data-element_type=\"section\" data-e-type=\"section\">\n\t\t\t\t\t\t<div class=\"elementor-container elementor-column-gap-default\">\n\t\t\t\t\t<div class=\"elementor-column elementor-col-100 elementor-top-column elementor-element elementor-element-8b754e6\" data-id=\"8b754e6\" data-element_type=\"column\" data-e-type=\"column\">\n\t\t\t<div class=\"elementor-widget-wrap elementor-element-populated\">\n\t\t\t\t\t\t<div class=\"elementor-element elementor-element-51691c2 elementor-widget elementor-widget-spacer\" data-id=\"51691c2\" data-element_type=\"widget\" data-e-type=\"widget\" data-widget_type=\"spacer.default\">\n\t\t\t\t<div class=\"elementor-widget-container\">\n\t\t\t\t\t\t\t<div class=\"elementor-spacer\">\n\t\t\t<div class=\"elementor-spacer-inner\"><\/div>\n\t\t<\/div>\n\t\t\t\t\t\t<\/div>\n\t\t\t\t<\/div>\n\t\t\t\t<div class=\"elementor-element elementor-element-0b2585a elementor-widget elementor-widget-spacer\" data-id=\"0b2585a\" data-element_type=\"widget\" data-e-type=\"widget\" data-widget_type=\"spacer.default\">\n\t\t\t\t<div class=\"elementor-widget-container\">\n\t\t\t\t\t\t\t<div class=\"elementor-spacer\">\n\t\t\t<div class=\"elementor-spacer-inner\"><\/div>\n\t\t<\/div>\n\t\t\t\t\t\t<\/div>\n\t\t\t\t<\/div>\n\t\t\t\t<div class=\"elementor-element elementor-element-5d02981 elementor-widget elementor-widget-heading\" data-id=\"5d02981\" data-element_type=\"widget\" data-e-type=\"widget\" data-widget_type=\"heading.default\">\n\t\t\t\t<div class=\"elementor-widget-container\">\n\t\t\t\t\t<h2 class=\"elementor-heading-title elementor-size-default\">Za kulisami - droga narodzin ksi\u0105\u017cki <br><br>                         'The Answer is in Your Heart'<\/h2>\t\t\t\t<\/div>\n\t\t\t\t<\/div>\n\t\t\t\t<div class=\"elementor-element elementor-element-5857753 elementor-widget elementor-widget-image\" data-id=\"5857753\" data-element_type=\"widget\" data-e-type=\"widget\" data-widget_type=\"image.default\">\n\t\t\t\t<div class=\"elementor-widget-container\">\n\t\t\t\t\t\t\t\t\t\t\t\t\t\t\t<img fetchpriority=\"high\" decoding=\"async\" width=\"602\" height=\"372\" src=\"https:\/\/i-remember.life\/wp-content\/uploads\/2024\/03\/Picture1-1.jpg\" class=\"attachment-full size-full wp-image-2004\" alt=\"\" srcset=\"https:\/\/i-remember.life\/wp-content\/uploads\/2024\/03\/Picture1-1.jpg 602w, https:\/\/i-remember.life\/wp-content\/uploads\/2024\/03\/Picture1-1-300x185.jpg 300w, https:\/\/i-remember.life\/wp-content\/uploads\/2024\/03\/Picture1-1-18x12.jpg 18w, https:\/\/i-remember.life\/wp-content\/uploads\/2024\/03\/Picture1-1-600x371.jpg 600w\" sizes=\"(max-width: 602px) 100vw, 602px\" \/>\t\t\t\t\t\t\t\t\t\t\t\t\t\t\t<\/div>\n\t\t\t\t<\/div>\n\t\t\t\t<div class=\"elementor-element elementor-element-ef9d416 elementor-widget elementor-widget-text-editor\" data-id=\"ef9d416\" data-element_type=\"widget\" data-e-type=\"widget\" data-widget_type=\"text-editor.default\">\n\t\t\t\t<div class=\"elementor-widget-container\">\n\t\t\t\t\t\t\t\t\t<p>Ca\u0142a przygoda z tworzeniem ksi\u0105\u017cki by\u0142a naprawd\u0119 magiczna i przekroczy\u0142a moje naj\u015bmielsze marzenia. Oto kr\u00f3tka historia, jak to si\u0119 wszystko zacz\u0119\u0142o:<\/p>\n<p><br><\/p>\n<p><\/p>\n<p>We wrze\u015bniu 2022 roku wzi\u0119\u0142am udzia\u0142 w tygodniowych, zaawansowanych warsztatach Dr. Joe Dispenzy w Londynie. Sala konferencyjna by\u0142a wype\u0142niona oko\u0142o 2500 osobami, kt\u00f3re zebra\u0142y si\u0119, aby skupi\u0107 si\u0119 na zmianie swojego \u017cycia poprzez medytacj\u0119. Moj\u0105 jedyn\u0105 intencj\u0105 tego wydarzenia by\u0142o pog\u0142\u0119bienie mi\u0142o\u015bci do samej siebie. Po raz pierwszy od 9 lat by\u0142am z dala od moich dzieci przez tak wiele dni - ogromny post\u0119p!<\/p>\n<p><br><\/p>\n<p>Musz\u0119 powiedzie\u0107, \u017ce ju\u017c drugiego dnia do\u015bwiadcza\u0142am niesamowitych i poruszaj\u0105cych moment\u00f3w praktycznie w ka\u017cdej medytacji. Trzeciego dnia, w trakcie porannej medytacji \u015bwiadomego, uwa\u017cnego posy\u0142ania mi\u0142o\u015bci centrom energetycznym, dozna\u0142am intensywnego prze\u017cycia, kt\u00f3re tak szeroko otworzy\u0142o moje serce, \u017ce nadal nie potrafi\u0119 znale\u017a\u0107 s\u0142\u00f3w, aby opisa\u0107 to co wtedy poczu\u0142am. Po\u0142\u0105czy\u0142am si\u0119 z Mi\u0142o\u015bci\u0105 we mnie i wok\u00f3\u0142 mnie, kt\u00f3ra by\u0142a nadzwyczajnie \u0142agodna i bezwarunkowa. By\u0142a tak ogromna, \u017ce moje cia\u0142o ca\u0142y czas si\u0119 trz\u0119s\u0142o, wch\u0142aniaj\u0105c J\u0105 do ka\u017cdej kom\u00f3rki mojego istnienia.<\/p>\t\t\t\t\t\t\t\t<\/div>\n\t\t\t\t<\/div>\n\t\t\t\t<div class=\"elementor-element elementor-element-f19e3a2 elementor-widget elementor-widget-image\" data-id=\"f19e3a2\" data-element_type=\"widget\" data-e-type=\"widget\" data-widget_type=\"image.default\">\n\t\t\t\t<div class=\"elementor-widget-container\">\n\t\t\t\t\t\t\t\t\t\t\t\t\t\t\t<img decoding=\"async\" width=\"890\" height=\"570\" src=\"https:\/\/i-remember.life\/wp-content\/uploads\/2024\/03\/Picture2.png\" class=\"attachment-full size-full wp-image-2005\" alt=\"\" srcset=\"https:\/\/i-remember.life\/wp-content\/uploads\/2024\/03\/Picture2.png 890w, https:\/\/i-remember.life\/wp-content\/uploads\/2024\/03\/Picture2-300x192.png 300w, https:\/\/i-remember.life\/wp-content\/uploads\/2024\/03\/Picture2-768x492.png 768w, https:\/\/i-remember.life\/wp-content\/uploads\/2024\/03\/Picture2-18x12.png 18w, https:\/\/i-remember.life\/wp-content\/uploads\/2024\/03\/Picture2-600x384.png 600w\" sizes=\"(max-width: 890px) 100vw, 890px\" \/>\t\t\t\t\t\t\t\t\t\t\t\t\t\t\t<\/div>\n\t\t\t\t<\/div>\n\t\t\t\t<div class=\"elementor-element elementor-element-716fc9b elementor-widget elementor-widget-text-editor\" data-id=\"716fc9b\" data-element_type=\"widget\" data-e-type=\"widget\" data-widget_type=\"text-editor.default\">\n\t\t\t\t<div class=\"elementor-widget-container\">\n\t\t\t\t\t\t\t\t\t<p>Kilka dni po powrocie do domu z Londynu, nagle pojawi\u0142a si\u0119 we mnie inspiracja do napisania ksi\u0105\u017cki dla dzieci, opartej na tym niezapomnianym wydarzeniu, kt\u00f3re mai\u0142o miejsce podczas warsztat\u00f3w. Od d\u0142u\u017cszego czasu czu\u0142am pragnienie stworzenia czego\u015b wyj\u0105tkowego zwi\u0105zanego z duchowo\u015bci\u0105 dla dzieci, g\u0142\u00f3wnie dlatego, \u017ce nie mog\u0142am znale\u017a\u0107 wielu takich materia\u0142\u00f3w dla moich dzieci. Przez ca\u0142y rok pojawia\u0142y si\u0119 w mojej g\u0142owie r\u00f3\u017cne pomys\u0142y, ale \u017caden z nich nie rezonowa\u0142 ze mn\u0105 tak bardzo jak koncepcja tej ksi\u0105\u017cki.<\/p><p>\u00a0<\/p><p>Nigdy wcze\u015bniej w moim \u017cyciu nie napisa\u0142am ksi\u0105\u017cki! Pami\u0119tam jak przepe\u0142nia\u0142a mnie rado\u015b\u0107 i ekscytacja podczas pisania. S\u0142owa po prostu wylewa\u0142y si\u0119 ze mnie, jakby kto\u015b mi je podsuwa\u0142. To by\u0142 dopiero pocz\u0105tek podziwu dla procesu tworzenia tej ksi\u0105\u017cki, bo nie musia\u0142am nawet d\u0142ugo szuka\u0107 wspania\u0142ego ilustratora!<\/p><p>\u00a0<\/p><p>Praca Marys Dudelewicz wy\u015bwietli\u0142a si\u0119 pewnego dnia na moim ekranie, i od razu wiedzia\u0142am, \u017ce to w\u0142a\u015bnie b\u0119dzie ona. Kiedy dowiedzia\u0142am si\u0119, \u017ce pochodzi z Polski, mojego rodzinnego kraju, by\u0142am zachwycona mo\u017cliwo\u015bci\u0105 komunikacji z ni\u0105 po polsku. Kiedy tylko przeczyta\u0142a manuskrypt, zakocha\u0142a si\u0119 w nim. By\u0142a tak ch\u0119tna, \u017ceby zilustrowa\u0107 ksi\u0105\u017ck\u0119, \u017ce zaoferowa\u0142a mi znacz\u0105c\u0105 obni\u017ck\u0119. Kwota pieni\u0119dzy wci\u0105\u017c by\u0142a dla nas jednak spora, jednak\u017ce m\u00f3j m\u0105\u017c powiedzia\u0142 mi, \u017ce kilka dni przed znalezieniem Marys wzi\u0105\u0142 po\u017cyczk\u0119 z banku, nie maj\u0105c poj\u0119cia dlaczego. Wi\u0119c mieli\u015bmy pieni\u0105dze!<\/p><p>\u00a0<\/p><p>Marys zacz\u0119\u0142a codziennie medytowa\u0107, aby bardziej wczu\u0107 si\u0119 w g\u0142\u00f3wnego bohatera ksi\u0105\u017cki. Nigdy wcze\u015bniej nie medytowa\u0142a. Ca\u0142\u0105 sob\u0105 zaanga\u017cowa\u0142a si\u0119 w o\u017cywienie historii \"The Answer is in Your Heart\" za pomoc\u0105 swoich kolorowych kredek. Powiedzia\u0142a, \u017ce w swojej 25-letniej karierze rysowniczki nigdy nie czu\u0142a tak wielkiego poruszenia i po\u0142\u0105czenia podczas ilustrowania naszej ksi\u0105\u017cki. W trakcie procesu tworzenia czu\u0142a, \u017ce towarzysz\u0105 jej nasi przodkowie. \u017bycie Mary\u015b zacz\u0119\u0142o si\u0119 zmienia\u0107 a medytacja sta\u0142a si\u0119 jej praktyk\u0105 a\u017c po dzi\u015b. Zosta\u0142y\u015bmy dobrymi przyjaci\u00f3\u0142kami. <\/p><p>\u00a0<\/p><p>\"The Answer is in Your Heart\" powsta\u0142a z mi\u0142o\u015bci. Nasz\u0105 wsp\u00f3ln\u0105 intencj\u0105 by\u0142o, \u017ceby ka\u017cdy, kto trzyma j\u0105 w r\u0119kach, j\u0105 poczu\u0142. W szczeg\u00f3lno\u015bci dzieci.<\/p><p>\u00a0<\/p><p>Wierz\u0119, \u017ce wsp\u00f3lne czytanie tej ksi\u0105\u017cki z dzie\u0107mi otworzy nowe dialogi w Waszej rodzinie, otworzy na nowe punkty widzenia i by\u0107 mo\u017ce zainspiruje do rozpocz\u0119cia wsp\u00f3lnych medytacji, nawet je\u015bli mia\u0142oby to by\u0107 tylko przez kilka minut od czasu do czasu.<\/p><p>\u00a0<\/p><p>Mam nadziej\u0119, \u017ce si\u0119 Wam spodoba,<\/p><p>\u00a0<\/p><p>Marianna<\/p><p>\u00a0<\/p>\t\t\t\t\t\t\t\t<\/div>\n\t\t\t\t<\/div>\n\t\t\t\t<div class=\"elementor-element elementor-element-6bd1e2c elementor-widget elementor-widget-image\" data-id=\"6bd1e2c\" data-element_type=\"widget\" data-e-type=\"widget\" data-widget_type=\"image.default\">\n\t\t\t\t<div class=\"elementor-widget-container\">\n\t\t\t\t\t\t\t\t\t\t\t\t\t\t\t<img decoding=\"async\" width=\"890\" height=\"572\" src=\"https:\/\/i-remember.life\/wp-content\/uploads\/2024\/03\/Picture4.png\" class=\"attachment-full size-full wp-image-2006\" alt=\"\" srcset=\"https:\/\/i-remember.life\/wp-content\/uploads\/2024\/03\/Picture4.png 890w, https:\/\/i-remember.life\/wp-content\/uploads\/2024\/03\/Picture4-300x193.png 300w, https:\/\/i-remember.life\/wp-content\/uploads\/2024\/03\/Picture4-768x494.png 768w, https:\/\/i-remember.life\/wp-content\/uploads\/2024\/03\/Picture4-18x12.png 18w, https:\/\/i-remember.life\/wp-content\/uploads\/2024\/03\/Picture4-600x386.png 600w\" sizes=\"(max-width: 890px) 100vw, 890px\" \/>\t\t\t\t\t\t\t\t\t\t\t\t\t\t\t<\/div>\n\t\t\t\t<\/div>\n\t\t\t\t\t<\/div>\n\t\t<\/div>\n\t\t\t\t\t<\/div>\n\t\t<\/section>\n\t\t\t\t<\/div>","protected":false},"excerpt":{"rendered":"<p>Book Behind the Scenes \u2013 The Pathway to Book Birth of &#8216;The Answer is in Your Heart&#8217; The entire adventure of creating the book was truly magical, and it was beyond my wildest dreams to think it would happen in my life. This is the short story of how it all began: In August 2022, [&hellip;]<\/p>\n","protected":false},"author":1,"featured_media":0,"parent":0,"menu_order":0,"comment_status":"closed","ping_status":"closed","template":"elementor_header_footer","meta":{"site-sidebar-layout":"no-sidebar","site-content-layout":"page-builder","ast-site-content-layout":"default","site-content-style":"default","site-sidebar-style":"default","ast-global-header-display":"","ast-banner-title-visibility":"","ast-main-header-display":"","ast-hfb-above-header-display":"","ast-hfb-below-header-display":"","ast-hfb-mobile-header-display":"","site-post-title":"disabled","ast-breadcrumbs-content":"","ast-featured-img":"disabled","footer-sml-layout":"","ast-disable-related-posts":"","theme-transparent-header-meta":"","adv-header-id-meta":"","stick-header-meta":"","header-above-stick-meta":"","header-main-stick-meta":"","header-below-stick-meta":"","astra-migrate-meta-layouts":"default","ast-page-background-enabled":"default","ast-page-background-meta":{"desktop":{"background-color":"var(--ast-global-color-4)","background-image":"","background-repeat":"repeat","background-position":"center center","background-size":"auto","background-attachment":"scroll","background-type":"","background-media":"","overlay-type":"","overlay-color":"","overlay-opacity":"","overlay-gradient":""},"tablet":{"background-color":"","background-image":"","background-repeat":"repeat","background-position":"center center","background-size":"auto","background-attachment":"scroll","background-type":"","background-media":"","overlay-type":"","overlay-color":"","overlay-opacity":"","overlay-gradient":""},"mobile":{"background-color":"","background-image":"","background-repeat":"repeat","background-position":"center center","background-size":"auto","background-attachment":"scroll","background-type":"","background-media":"","overlay-type":"","overlay-color":"","overlay-opacity":"","overlay-gradient":""}},"ast-content-background-meta":{"desktop":{"background-color":"var(--ast-global-color-5)","background-image":"","background-repeat":"repeat","background-position":"center center","background-size":"auto","background-attachment":"scroll","background-type":"","background-media":"","overlay-type":"","overlay-color":"","overlay-opacity":"","overlay-gradient":""},"tablet":{"background-color":"var(--ast-global-color-5)","background-image":"","background-repeat":"repeat","background-position":"center center","background-size":"auto","background-attachment":"scroll","background-type":"","background-media":"","overlay-type":"","overlay-color":"","overlay-opacity":"","overlay-gradient":""},"mobile":{"background-color":"var(--ast-global-color-5)","background-image":"","background-repeat":"repeat","background-position":"center center","background-size":"auto","background-attachment":"scroll","background-type":"","background-media":"","overlay-type":"","overlay-color":"","overlay-opacity":"","overlay-gradient":""}},"footnotes":""},"class_list":["post-457","page","type-page","status-publish","hentry"],"_links":{"self":[{"href":"https:\/\/i-remember.life\/pl\/wp-json\/wp\/v2\/pages\/457","targetHints":{"allow":["GET"]}}],"collection":[{"href":"https:\/\/i-remember.life\/pl\/wp-json\/wp\/v2\/pages"}],"about":[{"href":"https:\/\/i-remember.life\/pl\/wp-json\/wp\/v2\/types\/page"}],"author":[{"embeddable":true,"href":"https:\/\/i-remember.life\/pl\/wp-json\/wp\/v2\/users\/1"}],"replies":[{"embeddable":true,"href":"https:\/\/i-remember.life\/pl\/wp-json\/wp\/v2\/comments?post=457"}],"version-history":[{"count":78,"href":"https:\/\/i-remember.life\/pl\/wp-json\/wp\/v2\/pages\/457\/revisions"}],"predecessor-version":[{"id":3024,"href":"https:\/\/i-remember.life\/pl\/wp-json\/wp\/v2\/pages\/457\/revisions\/3024"}],"wp:attachment":[{"href":"https:\/\/i-remember.life\/pl\/wp-json\/wp\/v2\/media?parent=457"}],"curies":[{"name":"wp","href":"https:\/\/api.w.org\/{rel}","templated":true}]}}